{"id":57,"date":"2018-08-05T08:17:12","date_gmt":"2018-08-05T08:17:12","guid":{"rendered":"http:\/\/klbtheme.com\/groci\/my-account\/"},"modified":"2020-10-01T00:32:54","modified_gmt":"2020-10-01T00:32:54","slug":"cuenta","status":"publish","type":"page","link":"https:\/\/linco.com.py\/beta\/tiendaexpress\/cuenta\/","title":{"rendered":"Mi cuenta"},"content":{"rendered":"<p><span data-mce-type=\"bookmark\" style=\"display: inline-block; width: 0px; overflow: hidden; line-height: 0;\" class=\"mce_SELRES_start\">\ufeff<\/span><div class=\"woocommerce\"><div class=\"woocommerce-notices-wrapper\"><\/div>\n\n<div class=\"u-columns col2-set\" id=\"customer_login\">\n\t<div class=\"row\">\n\t\t<div class=\"u-column1 col-md-6\">\n\n\n\t\t<h2>Iniciar sesi\u00f3n<\/h2>\n\n\t\t<form class=\"woocommerce-form woocommerce-form-login login\" method=\"post\">\n\n\t\t\t\n\t\t\t<p class=\"woocommerce-form-row woocommerce-form-row--wide form-row form-row-wide\">\n\t\t\t\t<label for=\"username\">Nombre de usuario o direcci\u00f3n de correo electr\u00f3nico&nbsp;<span class=\"required\">*<\/span><\/label>\n\t\t\t\t<input type=\"text\" class=\"woocommerce-Input woocommerce-Input--text input-text\" name=\"username\" id=\"username\" autocomplete=\"username\" value=\"\" \/>\t\t\t<\/p>\n\t\t\t<p class=\"woocommerce-form-row woocommerce-form-row--wide form-row form-row-wide\">\n\t\t\t\t<label for=\"password\">Contrase\u00f1a&nbsp;<span class=\"required\">*<\/span><\/label>\n\t\t\t\t<input class=\"woocommerce-Input woocommerce-Input--text input-text\" type=\"password\" name=\"password\" id=\"password\" autocomplete=\"current-password\" \/>\n\t\t\t<\/p>\n\n\t\t\t\n\t\t\t<p class=\"form-row\">\n\t\t\t\t<input type=\"hidden\" id=\"woocommerce-login-nonce\" name=\"woocommerce-login-nonce\" value=\"88816a1f48\" \/><input type=\"hidden\" name=\"_wp_http_referer\" value=\"\/beta\/tiendaexpress\/wp-json\/wp\/v2\/pages\/57\" \/>\t\t\t\t<button type=\"submit\" class=\"btn btn-secondary woocommerce-button button woocommerce-form-login__submit\" name=\"login\" value=\"Iniciar sesi\u00f3n\">Iniciar sesi\u00f3n<\/button>\n\t\t\t\t<label class=\"woocommerce-form__label woocommerce-form__label-for-checkbox woocommerce-form-login__rememberme\">\n\t\t\t\t\t<input class=\"woocommerce-form__input woocommerce-form__input-checkbox\" name=\"rememberme\" type=\"checkbox\" id=\"rememberme\" value=\"forever\" \/> <span>Recu\u00e9rdame<\/span>\n\t\t\t\t<\/label>\n\t\t\t<\/p>\n\t\t\t<p class=\"woocommerce-LostPassword lost_password\">\n\t\t\t\t<a href=\"https:\/\/linco.com.py\/beta\/tiendaexpress\/cuenta\/lost-password\/\">\u00bfPerdiste tu contrase\u00f1a?<\/a>\n\t\t\t<\/p>\n\n\t\t\t\n\t\t<\/form>\n\n\n\t<\/div>\n\n\t\t<div class=\"u-column2 col-md-6\">\n\n\t\t\t<h2>Registrarse<\/h2>\n\n\t\t\t<form method=\"post\" class=\"woocommerce-form woocommerce-form-register register\"  >\n\n\t\t\t\t\n\t\t\t\t\n\t\t\t\t\t<p class=\"woocommerce-form-row woocommerce-form-row--wide form-row form-row-wide\">\n\t\t\t\t\t\t<label for=\"reg_username\">Nombre de usuario&nbsp;<span class=\"required\">*<\/span><\/label>\n\t\t\t\t\t\t<input type=\"text\" class=\"woocommerce-Input woocommerce-Input--text input-text\" name=\"username\" id=\"reg_username\" autocomplete=\"username\" value=\"\" \/>\t\t\t\t\t<\/p>\n\n\t\t\t\t\n\t\t\t\t<p class=\"woocommerce-form-row woocommerce-form-row--wide form-row form-row-wide\">\n\t\t\t\t\t<label for=\"reg_email\">Direcci\u00f3n de correo electr\u00f3nico&nbsp;<span class=\"required\">*<\/span><\/label>\n\t\t\t\t\t<input type=\"email\" class=\"woocommerce-Input woocommerce-Input--text input-text\" name=\"email\" id=\"reg_email\" autocomplete=\"email\" value=\"\" \/>\t\t\t\t<\/p>\n\n\t\t\t\t\n\t\t\t\t\t<p>Se le enviar\u00e1 una contrase\u00f1a a su direcci\u00f3n de correo electr\u00f3nico.<\/p>\n\n\t\t\t\t\n\t\t\t\t<div class=\"woocommerce-privacy-policy-text\"><p>Su informaci\u00f3n personal ser\u00e1 utilizado para procesar su pedido desde nuestro sitio web.<\/p>\n<\/div>\n\t\t\t\t<p class=\"woocommerce-form-row form-row\">\n\t\t\t\t\t<input type=\"hidden\" id=\"woocommerce-register-nonce\" name=\"woocommerce-register-nonce\" value=\"3277d88a85\" \/><input type=\"hidden\" name=\"_wp_http_referer\" value=\"\/beta\/tiendaexpress\/wp-json\/wp\/v2\/pages\/57\" \/>\t\t\t\t\t<button type=\"submit\" class=\"btn btn-secondary woocommerce-Button woocommerce-button button woocommerce-form-register__submit\" name=\"register\" value=\"Registrarse\">Registrarse<\/button>\n\t\t\t\t<\/p>\n\n\t\t\t\t\n\t\t\t<\/form>\n\t\t<\/div>\n\t<\/div>\n<\/div>\n\n<\/div><span data-mce-type=\"bookmark\" style=\"display: inline-block; width: 0px; overflow: hidden; line-height: 0;\" class=\"mce_SELRES_end\">\ufeff<\/span><\/p>\n","protected":false},"excerpt":{"rendered":"<p>\ufeff\ufeff<\/p>\n","protected":false},"author":1,"featured_media":0,"parent":0,"menu_order":0,"comment_status":"closed","ping_status":"closed","template":"","meta":[],"_links":{"self":[{"href":"https:\/\/linco.com.py\/beta\/tiendaexpress\/wp-json\/wp\/v2\/pages\/57"}],"collection":[{"href":"https:\/\/linco.com.py\/beta\/tiendaexpress\/wp-json\/wp\/v2\/pages"}],"about":[{"href":"https:\/\/linco.com.py\/beta\/tiendaexpress\/wp-json\/wp\/v2\/types\/page"}],"author":[{"embeddable":true,"href":"https:\/\/linco.com.py\/beta\/tiendaexpress\/wp-json\/wp\/v2\/users\/1"}],"replies":[{"embeddable":true,"href":"https:\/\/linco.com.py\/beta\/tiendaexpress\/wp-json\/wp\/v2\/comments?post=57"}],"version-history":[{"count":1,"href":"https:\/\/linco.com.py\/beta\/tiendaexpress\/wp-json\/wp\/v2\/pages\/57\/revisions"}],"predecessor-version":[{"id":885,"href":"https:\/\/linco.com.py\/beta\/tiendaexpress\/wp-json\/wp\/v2\/pages\/57\/revisions\/885"}],"wp:attachment":[{"href":"https:\/\/linco.com.py\/beta\/tiendaexpress\/wp-json\/wp\/v2\/media?parent=57"}],"curies":[{"name":"wp","href":"https:\/\/api.w.org\/{rel}","templated":true}]}}