{"id":101,"date":"2018-08-08T07:15:27","date_gmt":"2018-08-08T07:15:27","guid":{"rendered":"http:\/\/klbtheme.com\/groci\/?page_id=101"},"modified":"2020-10-27T01:48:13","modified_gmt":"2020-10-27T01:48:13","slug":"nosotros","status":"publish","type":"page","link":"https:\/\/linco.com.py\/beta\/tiendaexpress\/nosotros\/","title":{"rendered":"Nosotros"},"content":{"rendered":"<p>[vc_row full_width=\u00bbstretch_row\u00bb content_placement=\u00bbmiddle\u00bb css=\u00bb.vc_custom_1533712885081{padding-top: 40px !important;padding-bottom: 40px !important;background-color: #ffffff !important;}\u00bb][vc_column width=\u00bb5\/12&#8243;][vc_single_image image=\u00bb1969&#8243; img_size=\u00bbfull\u00bb][\/vc_column][vc_column width=\u00bb1\/2&#8243; el_class=\u00bbpl-5 pr-5&#8243;][vc_custom_heading text=\u00bbExpress Alimentos S.R.L. es una empresa de capital 100% paraguayo, fundada en el a\u00f1o 2001 como una empresa de producci\u00f3n y distribuci\u00f3n de alimentos para cadenas de fastfoods.\u00bb font_container=\u00bbtag:h2|text_align:left|color:%23e96125&#8243; use_theme_fonts=\u00bbyes\u00bb css=\u00bb.vc_custom_1601041021439{margin-bottom: 3rem !important;}\u00bb][vc_custom_heading text=\u00bbVisi\u00f3n\u00bb font_container=\u00bbtag:h5|text_align:left\u00bb use_theme_fonts=\u00bbyes\u00bb][vc_custom_heading text=\u00bbSer una empresa con altos est\u00e1ndares de calidad, que crece con sus clientes, apoyados por la fuerza y compromiso de la Gente.\u00bb font_container=\u00bbtag:p|text_align:left\u00bb use_theme_fonts=\u00bbyes\u00bb][vc_custom_heading text=\u00bbMisi\u00f3n\u00bb font_container=\u00bbtag:h5|text_align:left\u00bb use_theme_fonts=\u00bbyes\u00bb css=\u00bb.vc_custom_1600985692510{margin-top: 1.5rem !important;}\u00bb][vc_custom_heading text=\u00bbMotivados en nuestro crecimiento e inspirados en nuestras familias; somos parte del d\u00eda a d\u00eda de la Gente y por eso nos gusta estar disponibles de forma r\u00e1pida, eficaz y responsable.\u00bb font_container=\u00bbtag:p|text_align:left\u00bb use_theme_fonts=\u00bbyes\u00bb][\/vc_column][\/vc_row][vc_row css=\u00bb.vc_custom_1533800128579{padding-top: 40px !important;padding-bottom: 40px !important;}\u00bb][vc_column]<div class=\"section-title text-center mb-5\"><h2>\u00bf Qu\u00e9 proveemos ?<\/h2><p><\/p><\/div>[\/vc_column][vc_column width=\u00bb1\/3&#8243;]<div class=\"klbiconbox\"><div class=\"mt-4 mb-4\"><i class=\"text-success mdi mdi mdi-shopping mdi-48px\"><\/i><\/div><h5 class=\"mb-3 text-secondary\">Mejores Precios y Ofertas<\/h5><p><\/p><\/div>[\/vc_column][vc_column width=\u00bb1\/3&#8243;]<div class=\"klbiconbox\"><div class=\"mt-4 mb-4\"><i class=\"text-success mdi mdi mdi-earth mdi-48px\"><\/i><\/div><h5 class=\"mb-3 text-secondary\">Gran Variedad de Productos<\/h5><p><\/p><\/div>[\/vc_column][vc_column width=\u00bb1\/3&#8243;]<div class=\"klbiconbox\"><div class=\"mt-4 mb-4\"><i class=\"text-success mdi mdi mdi-truck-fast mdi-48px\"><\/i><\/div><h5 class=\"mb-3 text-secondary\">Delivery<\/h5><p><\/p><\/div>[\/vc_column][\/vc_row][vc_row full_width=\u00bbstretch_row\u00bb disable_element=\u00bbyes\u00bb css=\u00bb.vc_custom_1603760656132{padding-top: 40px !important;padding-bottom: 40px !important;background-color: #ffffff !important;}\u00bb][vc_column]<div class=\"section-title text-center mb-5\"><h2>Nuestro Equipo<\/h2><p><\/p><\/div>[\/vc_column][vc_column width=\u00bb1\/3&#8243; klb_responsive=\u00bb.vc_custom_1535180374885{margin-bottom: 30px !important;}\u00bb]<div class=\"team-card text-center\"><img class=\"img-fluid mb-4\" src=\"https:\/\/linco.com.py\/beta\/tiendaexpress\/wp-content\/uploads\/2018\/08\/1-3.jpg\" alt=\"- Stave Martin\"><p class=\"mb-4\">Lorem Ipsum is simply dummy text of the printing and typesetting industry. Lorem Ipsum has been.<\/p><h6 class=\"mb-0 text-success\">- Stave Martin<\/h6><small>Manager<\/small><\/div>[\/vc_column][vc_column width=\u00bb1\/3&#8243; klb_responsive=\u00bb.vc_custom_1535180380564{margin-bottom: 30px !important;}\u00bb]<div class=\"team-card text-center\"><img class=\"img-fluid mb-4\" src=\"https:\/\/linco.com.py\/beta\/tiendaexpress\/wp-content\/uploads\/2018\/08\/2-3.jpg\" alt=\"- Mark Smith\"><p class=\"mb-4\">Lorem Ipsum is simply dummy text of the printing and typesetting industry. Lorem Ipsum has been.<\/p><h6 class=\"mb-0 text-success\">- Mark Smith<\/h6><small>Designer<\/small><\/div>[\/vc_column][vc_column width=\u00bb1\/3&#8243;]<div class=\"team-card text-center\"><img class=\"img-fluid mb-4\" src=\"https:\/\/linco.com.py\/beta\/tiendaexpress\/wp-content\/uploads\/2018\/08\/3-2.jpg\" alt=\"- Ryan Printz\"><p class=\"mb-4\">Lorem Ipsum is simply dummy text of the printing and typesetting industry. Lorem Ipsum has been.<\/p><h6 class=\"mb-0 text-success\">- Ryan Printz<\/h6><small>Marketing<\/small><\/div>[\/vc_column][\/vc_row]<\/p>\n","protected":false},"excerpt":{"rendered":"<p>[vc_row full_width=\u00bbstretch_row\u00bb content_placement=\u00bbmiddle\u00bb css=\u00bb.vc_custom_1533712885081{padding-top: 40px !important;padding-bottom: 40px !important;background-color: #ffffff !important;}\u00bb][vc_column width=\u00bb5\/12&#8243;][vc_single_image image=\u00bb1969&#8243; img_size=\u00bbfull\u00bb][\/vc_column][vc_column width=\u00bb1\/2&#8243; el_class=\u00bbpl-5 pr-5&#8243;][vc_custom_heading text=\u00bbExpress Alimentos S.R.L. es una empresa de capital 100% paraguayo, fundada en el a\u00f1o 2001 como una empresa de producci\u00f3n y distribuci\u00f3n de alimentos para cadenas de fastfoods.\u00bb font_container=\u00bbtag:h2|text_align:left|color:%23e96125&#8243; use_theme_fonts=\u00bbyes\u00bb css=\u00bb.vc_custom_1601041021439{margin-bottom: 3rem !important;}\u00bb][vc_custom_heading text=\u00bbVisi\u00f3n\u00bb font_container=\u00bbtag:h5|text_align:left\u00bb use_theme_fonts=\u00bbyes\u00bb][vc_custom_heading text=\u00bbSer una empresa<\/p>\n<div class=\"klb-readmore\"><a href=\"https:\/\/linco.com.py\/beta\/tiendaexpress\/nosotros\/\" >LEER M\u00c1S <span class=\"mdi mdi-chevron-right\"><\/span><\/a><\/div>\n","protected":false},"author":1,"featured_media":0,"parent":0,"menu_order":0,"comment_status":"closed","ping_status":"closed","template":"","meta":[],"_links":{"self":[{"href":"https:\/\/linco.com.py\/beta\/tiendaexpress\/wp-json\/wp\/v2\/pages\/101"}],"collection":[{"href":"https:\/\/linco.com.py\/beta\/tiendaexpress\/wp-json\/wp\/v2\/pages"}],"about":[{"href":"https:\/\/linco.com.py\/beta\/tiendaexpress\/wp-json\/wp\/v2\/types\/page"}],"author":[{"embeddable":true,"href":"https:\/\/linco.com.py\/beta\/tiendaexpress\/wp-json\/wp\/v2\/users\/1"}],"replies":[{"embeddable":true,"href":"https:\/\/linco.com.py\/beta\/tiendaexpress\/wp-json\/wp\/v2\/comments?post=101"}],"version-history":[{"count":7,"href":"https:\/\/linco.com.py\/beta\/tiendaexpress\/wp-json\/wp\/v2\/pages\/101\/revisions"}],"predecessor-version":[{"id":2116,"href":"https:\/\/linco.com.py\/beta\/tiendaexpress\/wp-json\/wp\/v2\/pages\/101\/revisions\/2116"}],"wp:attachment":[{"href":"https:\/\/linco.com.py\/beta\/tiendaexpress\/wp-json\/wp\/v2\/media?parent=101"}],"curies":[{"name":"wp","href":"https:\/\/api.w.org\/{rel}","templated":true}]}}